{"id":746,"date":"2018-09-13T06:30:36","date_gmt":"2018-09-13T06:30:36","guid":{"rendered":"http:\/\/micheleanelli.org\/?page_id=746"},"modified":"2018-09-13T06:39:43","modified_gmt":"2018-09-13T06:39:43","slug":"siamo-i-ribelli-selene-edizioni","status":"publish","type":"page","link":"https:\/\/micheleanelli.org\/?page_id=746","title":{"rendered":"Siamo i ribelli"},"content":{"rendered":"\n<h4 class=\"wp-block-heading\">Selene edizioni &#8211; cd allegato (2007)<\/h4>\n\n\n\n<div class=\"wp-block-image\"><figure class=\"aligncenter\"><img data-recalc-dims=\"1\" loading=\"lazy\" decoding=\"async\" width=\"226\" height=\"302\" src=\"https:\/\/i0.wp.com\/micheleanelli.org\/wp-content\/uploads\/2018\/09\/copertina20siamo20i20ribelli20libro-1.gif?resize=226%2C302&#038;ssl=1\" alt=\"\" class=\"wp-image-749\"\/><\/figure><\/div>\n\n\n\n<p><span style=\"display: inline !important; float: none; background-color: transparent; color: #5e5e5e; font-family: 'Open Sans',sans-serif; font-size: 15px; font-style: normal; font-variant: normal; font-weight: 400; letter-spacing: normal; orphans: 2; text-align: justify; text-decoration: none; text-indent: 0px; text-transform: none; -webkit-text-stroke-width: 0px; white-space: normal; word-spacing: 0px;\">Siamo I Ribelli costituisce una parte importante del progetto iniziato qualche anno fa con la pubblicazione di Festa D\u2019Aprile, Michele Anelli con questo libro ha inteso approfondire il suo lavoro di ricerca ed analisi del materiale d\u2019archivio sulla Resistenza. Cos\u00ec mentre lavorava sul materiale musicale, ha avuto modo di mettere da parte un buon numero di storie legate a quelle canzoni e cos\u00ec sulla spinta di Marco Denti, ha preso vita Siamo I Ribelli. Partendo da alcuni canti ritrovano cos\u00ec memoria le storie di partigiani, storie altrimenti destinate all\u2019oblio, che Anelli riesce a raccontare con una partecipazione tale da tenerle ben lontane dalla retorica e dalla mera celebrazione. Si comprende cos\u00ec come e in quale contesto hanno preso vita dal basso del popolo canti come Bella Ciao, Fischia Il Vento, Festa D\u2019Aprile, e naturalmente Siamo I Ribelli. Si percepisce tutta la passione con la quale, Anelli ha approcciato questo materiale e soprattutto emerge a pieno tutto il suo lavoro di ricerca, volto non alla semplice e meccanica riproposizione, ma teso piuttosto a far emergere la vera anima e le storie che erano alla base di questi canti che ci raccontano la Resistenza e che di quel periodo ci hanno trasmesso intatta la memoria. Ogni canzoni \u00e8 diventata un capitolo, un pretesto da cui Anelli parte per tracciare un percorso storico, forse informale ma assolutamente efficacissimo per trasmetterci l\u2019anima del popolo e il suo dolore per l\u2019oppressione fascista. Prende vita davanti agli occhi del lettore la vita del partigiano, le sue notti trascorse al freddo, il cibo sempre poco, la guerriglia, la mancanza della famiglia, la paura della morte. Queste canzoni accompagnavano i partigiani nelle attese, infondendo nel loro animo sempre pi\u00f9 forte il loro amore per la libert\u00e0 e per quella giustizia che era diventata un miraggio. Si arriva a scoprire come questi canti siano nati sulla base di una stratificazione storica e siano derivati da altri motivi popolari precedenti e gi\u00e0 ben conosciuti dalla gente. Emerge cos\u00ec urgenza di trasmettere il messaggio di pace e di libert\u00e0, il bisogno di farlo arrivare con forza, attraverso melodie note, proprio come nel caso di Bella Ciao, che da canto delle mondine \u00e8 stato trasformato in un doloroso addio di un partigiano. Ad accompagnare il libro c\u2019\u00e8 uno splendido disco nel quale Michele Anelli, insieme ai suoi inseparabili compagni di viaggio ha reinterpretato tutti i brani che danno titolo ai vari capitoli, completando cos\u00ec un progetto di sicuro interesse non solo musicale ma anche storico.<\/span><\/p>\n\n\n\n<p>Tratto da\u00a0<a href=\"http:\/\/www.blogfoolk.com\/2010\/06\/michele-anelli-siamo-i-ribelli-selene.html\">http:\/\/www.blogfoolk.com\/2010\/06\/michele-anelli-siamo-i-ribelli-selene.html<\/a><\/p>\n\n\n\n<p><\/p>\n","protected":false},"excerpt":{"rendered":"<p>Selene edizioni &#8211; cd allegato (2007) Siamo I Ribelli costituisce una parte importante del progetto iniziato qualche anno fa con la pubblicazione di Festa D\u2019Aprile, Michele Anelli con questo libro ha inteso approfondire il suo lavoro di ricerca ed analisi del materiale d\u2019archivio sulla Resistenza. Cos\u00ec mentre lavorava sul materiale musicale, ha avuto modo di [&hellip;]<\/p>\n","protected":false},"author":2,"featured_media":0,"parent":0,"menu_order":0,"comment_status":"closed","ping_status":"closed","template":"","meta":{"ngg_post_thumbnail":0,"footnotes":""},"class_list":["post-746","page","type-page","status-publish","czr-hentry"],"jetpack_sharing_enabled":true,"_links":{"self":[{"href":"https:\/\/micheleanelli.org\/index.php?rest_route=\/wp\/v2\/pages\/746","targetHints":{"allow":["GET"]}}],"collection":[{"href":"https:\/\/micheleanelli.org\/index.php?rest_route=\/wp\/v2\/pages"}],"about":[{"href":"https:\/\/micheleanelli.org\/index.php?rest_route=\/wp\/v2\/types\/page"}],"author":[{"embeddable":true,"href":"https:\/\/micheleanelli.org\/index.php?rest_route=\/wp\/v2\/users\/2"}],"replies":[{"embeddable":true,"href":"https:\/\/micheleanelli.org\/index.php?rest_route=%2Fwp%2Fv2%2Fcomments&post=746"}],"version-history":[{"count":7,"href":"https:\/\/micheleanelli.org\/index.php?rest_route=\/wp\/v2\/pages\/746\/revisions"}],"predecessor-version":[{"id":758,"href":"https:\/\/micheleanelli.org\/index.php?rest_route=\/wp\/v2\/pages\/746\/revisions\/758"}],"wp:attachment":[{"href":"https:\/\/micheleanelli.org\/index.php?rest_route=%2Fwp%2Fv2%2Fmedia&parent=746"}],"curies":[{"name":"wp","href":"https:\/\/api.w.org\/{rel}","templated":true}]}}