{"id":684,"date":"2018-04-03T15:19:39","date_gmt":"2018-04-03T15:19:39","guid":{"rendered":"http:\/\/micheleanelli.org\/?page_id=684"},"modified":"2018-04-03T15:19:39","modified_gmt":"2018-04-03T15:19:39","slug":"divertente-importante-testi","status":"publish","type":"page","link":"https:\/\/micheleanelli.org\/?page_id=684","title":{"rendered":"Divertente importante &#8211; Testi"},"content":{"rendered":"<p><em>Ore 6.13: il risveglio, e un diluvio di immagini e pensieri ti accompagna al caff\u00e8. Immagini e pensieri della sera prima, quelli della notte e quelli che si palesano all\u2019apertura degli occhi. Immagini divertenti e momenti importanti.<\/em><\/p>\n<p><strong>Divertente, importante<\/strong><br \/>\n(Testo: Michele Anelli Musica: Michele Anelli, Andrea Lentullo)<\/p>\n<p>Occhi aperti all\u2019alba<br \/>\nmani in cerca di equilibrio<br \/>\nvecchie abitudini nell\u2019aria<br \/>\nalzarsi e strappare al cielo<br \/>\nqualche promessa<br \/>\ne con il passo incerto<br \/>\nrischiare qualcosa<\/p>\n<p>ci vuole talento, per ripetere gli stessi errori<br \/>\nci vuole talento, per restare ancora vivi<br \/>\nci vuole talento, per ripetere le stesse azioni<br \/>\ne riuscire a starne fuori<\/p>\n<p>Un certo disagio interiore<br \/>\nnascosto in giorni di pioggia<br \/>\ne mascherare con un sorriso<br \/>\nla voglia di spaccare tutto<br \/>\npoi creare scompiglio<br \/>\ne salire sul treno<br \/>\nsolo per sentire rumore<\/p>\n<p>ci vuole talento\u2026<\/p>\n<p>Divertente importante<br \/>\nviaggiare con la mente<br \/>\ndisegnare enormi spazi<br \/>\nla voglia di riempirli<br \/>\nImportante divertente<br \/>\ncantare per la gente<br \/>\nandare a casa stanco<br \/>\ncol sorriso nella mente<br \/>\nDivertente importante<br \/>\nImportante divertente<br \/>\nfare scelte un po\u2019 diverse<br \/>\nliberarmi veramente<\/p>\n<p>Michele Anelli: voce, chitarra acustica ed elettrica<br \/>\nElia Anelli: chitarra elettrica<br \/>\nAndrea Lentullo: piano Wurlitzer, cori<br \/>\nNik Taccori: batteria e percussioni<\/p>\n<p><em>Ore 7.45: sei seduto in un posto che non ti appartiene e la tua testa viaggia sopra le luci, fuori dalle vetrate, va oltre al futuro gi\u00e0 programmato, verso le persone che hanno nello sguardo e nell\u2019anima la voglia di resistere e cambiare, di creare e modificare, di inventare e ignorare ordini che non riconoscono propri.<\/em><\/p>\n<p><strong>Ignora gli ordini alieni<\/strong><br \/>\n(Testo e musica: Michele Anelli)<\/p>\n<p>Vivere al di sopra delle luci al neon<br \/>\nseduto a consumare tutto il colore<br \/>\nSpaccare la finestra e lasciare alle spalle<br \/>\nun futuro gi\u00e0 visto<\/p>\n<p>Ignora gli ordini, ignora gli ordini alieni<\/p>\n<p>Ti presto i miei occhi cos\u00ec puoi capire<br \/>\nla distanza che vedo<br \/>\ncon quello che sento dire<br \/>\nAttraverso un deserto<br \/>\ndi parole che non sanno dare sollievo<\/p>\n<p>Ignora gli ordini, ignora gli ordini alieni<\/p>\n<p>Nel cuore buio di una ballata<br \/>\nscopro le ragioni dell\u2019impazienza<br \/>\nLa gente distratta che applaude<br \/>\nuno squalo diventato poeta<\/p>\n<p>Sento bisbigliare di una nuova resistenza<\/p>\n<p>Ignora gli ordini<\/p>\n<p>Michele Anelli: voce, chitarra acustica ed elettrica<br \/>\nAndrea Lentullo: piano Wurlitzer<br \/>\nNik Taccori: batteria e percussioni<\/p>\n<p><em>Ore 8.34: hai gi\u00e0 assorbito qualcosa che non ti fa stare tranquillo. Situazioni che si ripetono, fascismi che tornano, comportamenti che non cambiano. Intorno, la ruggine si \u00e8 depositata nelle persone. Alzare il volume, pi\u00f9 che una regola, una necessit\u00e0.<\/em><\/p>\n<p><strong>Ruggine<\/strong><br \/>\n(Testo: Michele Anelli Musica: Michele Anelli, Andrea Lentullo)<\/p>\n<p>Dalla finestra guardo il giorno arrivare<br \/>\ncol futuro che spinge che spinge alle spalle<br \/>\nConosco la rabbia che circonda la fame<br \/>\nc\u2019\u00e8 qualcosa che torna e che no<br \/>\nnon mi lascia dormire<br \/>\nRuggine<br \/>\nIn queste mani la scelta<br \/>\nla decisione che ho preso<br \/>\ndi fare quello che non fareste mai<br \/>\nAd ogni sconfitta alzo il volume<br \/>\nper risalire dal fondo e sentirmi ancora vivo<br \/>\nRuggine<br \/>\nfate calcoli per il futuro<br \/>\nandate verso un mondo sicuro<br \/>\nlasciate tutto per non perdere niente<br \/>\nstate lontano dalle emozioni<br \/>\nostinatamente, maldestramente,<br \/>\ntutto nella mente<br \/>\nMa da qualche parte l\u00ec sotto pure<br \/>\ncol culo a terra c\u2019\u00e8 chi si sveglia<br \/>\ncon una chitarra e canta di<br \/>\nRuggine<\/p>\n<p>Michele Anelli: voce, chitarra acustica ed elettrica<br \/>\nAndrea Lentullo: piano Wurlitzer, organo Hammond<br \/>\nNik Taccori: batteria e percussioni<\/p>\n<p><em>Ore 10.13: per le mani ti capita un libro \u201cNon siamo qui per le caramelle\u201d. Affiorano ricordi e volti di persone conosciute qualche anno fa nel pieno di una vita difficile, bollate con il nome di \u201cesodati\u201d. E non c\u2019\u00e8 altro da aggiungere se non cantare pi\u00f9 forte.<\/em><\/p>\n<p><strong>Ruvida emozione<\/strong><br \/>\n(Testo e musica: Michele Anelli)<\/p>\n<p>Ho smontato il giorno, rovistato nelle ore<br \/>\nper disfarmi delle cose che<br \/>\nnon fanno per me, non fanno per me<br \/>\nVi ho visto correre sempre pi\u00f9 distanti<br \/>\ne non mi sento in dovere di seguirvi<br \/>\nsono cose che non fanno per me<\/p>\n<p>Ieri eri facile potevo anche perdermi<br \/>\ncambiare in fondo era semplice<br \/>\nOggi rimane una ruvida emozione<br \/>\nper tutti quelli come me e te<\/p>\n<p>Di notte i cancelli chiusi dentro agli occhi<br \/>\nraccontano con parole erranti<br \/>\ndi sogni che bruciano,<br \/>\ndi vestiti che guardano, di scarpe che restano<\/p>\n<p>Ho pensieri sottili nati in mezzo ai ricordi<br \/>\ndi persone pronte a fare scelte<br \/>\nse non riescono migliori,<br \/>\nforse difficili, almeno diverse<\/p>\n<p>Ieri eri facile &#8230;<\/p>\n<p>Michele Anelli: voce, chitarra acustica ed elettrica<br \/>\nAndrea Lentullo: piano Wurlitzer, synth<br \/>\nNik Taccori: batteria e percussioni<\/p>\n<p><em>Ore 11.03: Ancora non svaniscono quelle persone e le loro storie. Si mischiano con il tuo vissuto e come spesso accade vivi nella pelle anche quello degli altri. Lo senti tuo. Lo fai tuo. Per emergere altrove e strappare un sorriso al buio.<\/em><\/p>\n<p><strong>Est<\/strong><br \/>\n(Testo e musica: Michele Anelli)<\/p>\n<p>Sulle spalle ho tre stelle<br \/>\ne tutti a dirmi che cos\u00ec \u00e8 l\u2019economia<br \/>\ntrasforma le giornate in lunghe attese<br \/>\nL\u2019acqua fredda al mattino le notizie alla tv<br \/>\nstare in fila ordinatamente<br \/>\ntrasforma le giornate In lunghe attese<\/p>\n<p>Mi sento fuori da una fotografia,<br \/>\nsono nervoso ma sorrido per voi<br \/>\nVivo le feste come pietre in un fiume.<br \/>\nEssere felici \u00e8 diventato un lavoro<\/p>\n<p>Il giornale strappato con la nostra foto<br \/>\ntra le mani \u00e8 un passato<br \/>\nche continua a bruciare<\/p>\n<p>La tristezza ha sapori diversi,<br \/>\nla solitudine non cambia mai<br \/>\nDentro un corpo che non nasconde i segreti<br \/>\nEssere felici \u00e8 diventato un lavoro.<\/p>\n<p>Michele Anelli: voce, chitarra acustica<br \/>\nElia Anelli: chitarra elettrica<br \/>\nAndrea Lentullo: piano Wurlitzer, synth, cori<br \/>\nNik Taccori: batteria e percussioni<\/p>\n<p>&nbsp;<\/p>\n<p><em>Ore 13.20: stai sorseggiando il secondo caff\u00e8. Guardi di sfuggita quei volti dentro un televisore appeso a un muro. Un attimo dopo sei in mezzo a loro, su una spiaggia indefinita, schiacciato dentro un barcone, a piedi, al freddo, oltre ogni confine. Ogni persona una storia diversa. Ti giri e vedi un anziano solo con s\u00e9 stesso, un bambino inascoltato. Per difenderti, una sola arma che chiami chitarra.<\/em><\/p>\n<p><strong>Invisibili<\/strong><br \/>\n(Testo e musica: Michele Anelli)<\/p>\n<p>Io sono la verit\u00e0 in un coltello<br \/>\nvivo nell\u2019eco di un ricordo<br \/>\nparcheggiato nell\u2019ombra perso<\/p>\n<p>Non ho tesori sotto la sedia<br \/>\ne nessun treno da quella curva<br \/>\nl\u2019unica direzione \u00e8 il silenzio<\/p>\n<p>Invisibili i miei giorni raccolti in un quaderno<br \/>\ni miei passi silenziosi sulla neve<br \/>\ne queste mani che vogliono afferrare il tuo sguardo<\/p>\n<p>Esplode in faccia la paura<br \/>\n\u00e8 pericoloso non avere pi\u00f9 nulla<br \/>\na cui aggrapparsi ad occhi aperti<\/p>\n<p>Le mattine sanno di fame<br \/>\na mezzogiorno aumenta la sete<br \/>\npoi mani strette come pugni<\/p>\n<p>Invisibili i miei giorni\u2026<\/p>\n<p>Invisibili i miei anni Invisibili gli addii<br \/>\nInvisibili i ricordi Invisibili i colori<br \/>\nInvisibili i nomi Invisibili le preghiere<br \/>\nInvisibili i sorrisi Invisibili gli amori<\/p>\n<p>Invisibili i miei giorni<br \/>\nInvisibili i miei passi<br \/>\nInvisibili le mani<br \/>\nche vogliono attirare il tuo sguardo<\/p>\n<p>Michele Anelli: voce, chitarra acustica<br \/>\nElia Anelli: chitarra elettrica<br \/>\nAndrea Lentullo: piano Wurlitzer, synth<br \/>\nNik Taccori: batteria e percussioni<\/p>\n<p>&nbsp;<\/p>\n<p><em>Ore 15.25: leggi su un muro \u201cl\u2019orrore ha le chiavi di casa\u201d. Stai male per ognuna di loro. Senti le ferite e il dolore. Di getto scrivi qualcosa, una laica preghiera. Vorresti proteggerle tutte e sai che non \u00e8 possibile.<\/em><\/p>\n<p><strong>Non era la pioggia<\/strong><br \/>\n(Testo e musica: Michele Anelli)<\/p>\n<p>Quel giorno non era la pioggia<br \/>\nche scendeva lungo le tue braccia<\/p>\n<p>Scivolata fuori<br \/>\ncolpita ancora prima dal dolore<br \/>\nche dentro divora<br \/>\npoi mani troppo forti<br \/>\ne parole vigliacche<br \/>\nche non fanno rima<br \/>\ncon la tua vita<\/p>\n<p>Anni da usare<br \/>\ngettati in un cassetto di bugie<br \/>\nIl sorriso negato<br \/>\nda frasi codarde<br \/>\ne un cuore con le spine<br \/>\nche non fa rima<br \/>\ncon la tua vita<\/p>\n<p>Quel giorno \u2026<\/p>\n<p>Dentro un calvario<br \/>\nuna trappola circonda<br \/>\nil respiro e la paura<br \/>\nNon c\u2019\u00e8 nessuna rima<br \/>\ncon la tua vita<\/p>\n<p>Non c\u2019\u00e8 nessuna rima<br \/>\ncon la tua vita<\/p>\n<p>Michele Anelli: voce, chitarra acustica ed elettrica<br \/>\nAndrea Lentullo: piano Wurlitzer<br \/>\nNik Taccori: batteria e percussioni<\/p>\n<p>&nbsp;<\/p>\n<p><em>Ore 17.11: con qualche ora e qualche pensiero in pi\u00f9 prendi consapevolezza che per non sentirsi schiacciato e senza via d\u2019uscita \u00e8 necessario contenere il dolore, esorcizzarlo, metterlo dentro una canzone, una storia da raccontare, un quadro, una fotografia. Ami le canzoni che ti fanno ragionare e ballare contemporaneamente. Sweet soul music.<\/em><\/p>\n<p><strong>Raccolgo idee<\/strong><br \/>\n(Testo: Michele Anelli Musica: Michele Anelli, Andrea Lentullo)<\/p>\n<p>Sedermi accanto, sentirti raccontare<br \/>\nmentre fuori c\u2019\u00e8 rumore<\/p>\n<p>Mi parli del passato guardando avanti<br \/>\noltre tutte le paure<\/p>\n<p>di scelte e di rincorse, di sogni persi e ritrovati<br \/>\ndentro un gioco molto grande<\/p>\n<p>Se il vento ha smesso di cantare<br \/>\nSe questo pane non ha sapore<br \/>\nIo cerco ancora le canzoni<br \/>\nche mi facevano alzare<br \/>\ncerco ancora emozioni<\/p>\n<p>La fatica ci ha disperso<br \/>\nreso deboli nel tempo<br \/>\nla fame \u00e8 rimasta uguale<\/p>\n<p>Sospeso a un filo raccolgo idee<br \/>\nscivolate dalle tasche<\/p>\n<p>Resister\u00e0 questo abbraccio<br \/>\nche si coltiva a lungo<br \/>\ndentro un gioco molto grande<\/p>\n<p>Se il vento \u2026<\/p>\n<p>cerco ancora emozioni<br \/>\ncerco ancora le canzoni<br \/>\ncerco ancora cerco<br \/>\ncerco ancora le emozioni<\/p>\n<p>Michele Anelli: voce, chitarra acustica<br \/>\nElia Anelli: chitarra elettrica<br \/>\nAndrea Lentullo: piano Wurlitzer, pianoforte, synth<br \/>\nNik Taccori: batteria e percussioni<\/p>\n<p><em>Ore 19.03: ritrovi le mani e lo sguardo che hai lasciato al mattino. Ritrovi il calore e l\u2019emozione. L\u2019energia scorre insieme a un sorriso. Il traguardo non cambia e il cammino \u00e8 pi\u00f9 dolce.<\/em><\/p>\n<p><strong>Settembre<\/strong><br \/>\n(Testo e musica: Michele Anelli)<\/p>\n<p>Quando le tracce di questa luna<br \/>\nsaranno tra le pieghe della notte<br \/>\nil sole mi sorprender\u00e0 tra le tue braccia<\/p>\n<p>Tu che sei l\u2019altra met\u00e0 del cielo<br \/>\ncon il tuo sorriso la felicit\u00e0 ha un volto<\/p>\n<p>La rivoluzione pu\u00f2 aspettare<br \/>\nqualche minuto ancora<\/p>\n<p>E proteggi i miei pensieri<br \/>\nper non farli scappare<br \/>\nci passi il filo con mani<br \/>\nche sanno accarezzare<\/p>\n<p>E nei momenti lunghi come giorni<br \/>\nascolti ad occhi aperti<br \/>\nmi cerchi, mi volti, mi prendi<br \/>\ne incominci a volare<\/p>\n<p>La rivoluzione \u2026<\/p>\n<p>Tu che mi ami come specchio<br \/>\ndel mio stesso amore<br \/>\ne fai cantare il vento<br \/>\ndove il vento ha smesso di urlare<br \/>\nTu che mi guardi come specchio<br \/>\ndel mio stesso sguardo<br \/>\ne fai arrivare il tempo<br \/>\ndove il tempo non pu\u00f2 arrivare<\/p>\n<p>La rivoluzione pu\u00f2 aspettare<br \/>\nqualche minuto ancora<\/p>\n<p>La rivoluzione arriver\u00e0, ci sar\u00f2.<\/p>\n<p>Michele Anelli: voce, chitarra acustica<br \/>\nElia Anelli: chitarra elettrica<br \/>\nAndrea Lentullo: piano Wurlitzer, synth<br \/>\nNik Taccori: batteria e percussioni<\/p>\n<p><em>Ore 21.53: cosa ti ha insegnato il Rock\u2019n\u2019roll, la Soul music, il folk di Woody Guthrie? Che non bisogna piangersi addosso, che sei meglio di quanto ti venga restituito da giornate polverose e gente senz\u2019anima. Che non devi rimanere indifferente, che c\u2019\u00e8 musica nelle persone, che alla fine della giornata, pur dura che sia stata, puoi trovare ancora la forza di restare libero e affamato.<\/em><\/p>\n<p><strong>Il migliore sei tu<\/strong><br \/>\n(Testo e musica: Michele Anelli)<\/p>\n<p>E tutto quello che vedi e senti<br \/>\nforse qualcuno lo ha scritto gi\u00e0<br \/>\nE sei diverso e te lo fanno notare<br \/>\nma tutto questo lo sapevi gi\u00e0<br \/>\nPoi sorridi quando senti dire che<br \/>\nva tutto bene ma bene non va<\/p>\n<p>E quando dai tutto quanto di te<br \/>\ne sei felice di sentirti un po\u2019 stanco<br \/>\nla ricompensa \u00e8 un dolce sorriso<br \/>\ndi chi ascolta e ti sta sempre accanto<br \/>\nNiente paura quando sentirai dire<br \/>\nva tutto bene ma bene non va<\/p>\n<p>Il migliore sei tu<\/p>\n<p>Se la tua vita \u00e8 un vetro scheggiato<br \/>\ne nel riflesso vedi un volto impaurito<br \/>\nnon aspettare per rischiare qualcosa<br \/>\nl\u2019emozione \u00e8 vera se non riposa<br \/>\nResta libero e sempre affamato<br \/>\nesser felice non \u00e8 mai un peccato<\/p>\n<p>Il migliore sei tu<\/p>\n<p>Michele Anelli: voce, chitarra acustica<br \/>\nElia Anelli: chitarra elettrica<br \/>\nAndrea Lentullo: piano Wurlitzer<br \/>\nNik Taccori: batteria e percussioni<\/p>\n<p><em>Ore 23.43: per tutti coloro che almeno una volta si sono sentiti vivi e che sentono nell\u2019oscurit\u00e0 la voglia di rivincita, per quelli che non si rassegnano, per chi riesce nella difficolt\u00e0 a trovare un pensiero che sappia di \u201crose\u201d, per te che devi affrontare la notte e i giorni che verranno\u2026 stanotte troviamoci in un sogno e domani realizzeremo l\u2019emozione che \u00e8 in noi.<\/em><\/p>\n<p><strong>Buonanotte<\/strong><br \/>\n(Testo: Michele Anelli Musica: Michele Anelli, Andrea Lentullo)<\/p>\n<p>Buonanotte a tutti quelli<br \/>\nche vanno incontro alla sera<br \/>\ncon una fiaba sempre in tasca<br \/>\ne un finale da inventare<\/p>\n<p>A chi calpesta il cielo tanto forte<br \/>\nda consumare tutte le scarpe<br \/>\na quei sorrisi da bambini<br \/>\nalle giornate nate storte<br \/>\nBuonanotte, buonanotte<\/p>\n<p>Buonanotte a quelle braccia<br \/>\ndisarmate dalla fatica<br \/>\na quelle voci senza parole<br \/>\na quell\u2019amore da trovare<br \/>\nbuonanotte, buonanotte<\/p>\n<p>A chi ha il cuore un po\u2019 graffiato<br \/>\na chi \u00e8 rimasto con un po\u2019 di fiato<br \/>\nal figlio che scende dalla croce<br \/>\na quelle idee un po\u2019 distorte<br \/>\nbuonanotte, buonanotte<\/p>\n<p>A quelle mani sporche<br \/>\ndi lavoro stanche<br \/>\ndi promesse che non scaldano<\/p>\n<p>Buonanotte, buonanotte a voi<\/p>\n<p>Michele Anelli: voce, chitarra acustica<br \/>\nElia Anelli: chitarra elettrica<br \/>\nAndrea Lentullo: piano Wurlitzer, cori<br \/>\nNik Taccori: batteria e percussioni<br \/>\nFrancesco Giorgio: corno<\/p>\n","protected":false},"excerpt":{"rendered":"<p>Ore 6.13: il risveglio, e un diluvio di immagini e pensieri ti accompagna al caff\u00e8. Immagini e pensieri della sera prima, quelli della notte e quelli che si palesano all\u2019apertura degli occhi. Immagini divertenti e momenti importanti. Divertente, importante (Testo: Michele Anelli Musica: Michele Anelli, Andrea Lentullo) Occhi aperti all\u2019alba mani in cerca di equilibrio [&hellip;]<\/p>\n","protected":false},"author":2,"featured_media":0,"parent":0,"menu_order":0,"comment_status":"closed","ping_status":"closed","template":"","meta":{"ngg_post_thumbnail":0,"footnotes":""},"class_list":["post-684","page","type-page","status-publish","czr-hentry"],"jetpack_sharing_enabled":true,"_links":{"self":[{"href":"https:\/\/micheleanelli.org\/index.php?rest_route=\/wp\/v2\/pages\/684","targetHints":{"allow":["GET"]}}],"collection":[{"href":"https:\/\/micheleanelli.org\/index.php?rest_route=\/wp\/v2\/pages"}],"about":[{"href":"https:\/\/micheleanelli.org\/index.php?rest_route=\/wp\/v2\/types\/page"}],"author":[{"embeddable":true,"href":"https:\/\/micheleanelli.org\/index.php?rest_route=\/wp\/v2\/users\/2"}],"replies":[{"embeddable":true,"href":"https:\/\/micheleanelli.org\/index.php?rest_route=%2Fwp%2Fv2%2Fcomments&post=684"}],"version-history":[{"count":1,"href":"https:\/\/micheleanelli.org\/index.php?rest_route=\/wp\/v2\/pages\/684\/revisions"}],"predecessor-version":[{"id":685,"href":"https:\/\/micheleanelli.org\/index.php?rest_route=\/wp\/v2\/pages\/684\/revisions\/685"}],"wp:attachment":[{"href":"https:\/\/micheleanelli.org\/index.php?rest_route=%2Fwp%2Fv2%2Fmedia&parent=684"}],"curies":[{"name":"wp","href":"https:\/\/api.w.org\/{rel}","templated":true}]}}