{"id":45,"date":"2014-01-18T14:29:59","date_gmt":"2014-01-18T14:29:59","guid":{"rendered":"http:\/\/micheleanelli.org\/?page_id=45"},"modified":"2025-08-14T07:26:22","modified_gmt":"2025-08-14T07:26:22","slug":"la-lunga-strada-da-the-groovers-a-siamo-i-ribelli","status":"publish","type":"page","link":"https:\/\/micheleanelli.org\/?page_id=45","title":{"rendered":"The Groovers (1989-2009)"},"content":{"rendered":"\n<p><a href=\"https:\/\/web.archive.org\/web\/20220403133826\/http:\/\/thegroovers.net\/index.htm\">https:\/\/web.archive.org\/web\/20220403133826\/http:\/\/thegroovers.net\/index.htm<\/a><\/p>\n\n\n<blockquote><p><strong>Biografia &#8211; Discografia &#8211; Concerti<\/strong><\/p><\/blockquote>\n<p>I <strong>Groovers<\/strong> si formano in provincia di Novara nel 1989, su iniziativa del chitarrista e cantante Michele Anelli, e diventano ben presto un punto di riferimento imprescindibile per gli amanti del roots-rock americano in Italia, con riferimenti che vanno da Bruce Springsteen a Neil Young, passando per John Mellencamp e i Creedence Clearwater Revival.<br \/>\nAnelli, affiancato dal tastierista e fisarmonicista Paolo Montanari e da una serie di musicisti che si sono avvicendati nel corso degli anni, dopo avere registrato alcuni demotape e un 7\u2019\u2019 allegato alla rivista \u201cUrlo\u201d, incide nel 1993 il primo album SONGS FOR THE DREAMERS, prodotto da Max Marmiroli, ex sassofonista dei Rocking Chairs, contenente undici brani autografi e una cover di When I Can Really Love di Neil Young. Vi compare anche la chitarra di Mel Previte, anch\u2019egli ex Rocking Chairs e futuro componente della band di Ligabue,in Rockin\u2019 Days.<br \/>\nIl tassello successivo, nel 1994, \u00e8 LOST BALLADS, cassetta che contiene sei brani originali e tre cover (Neil Young con Hey Hey My My, Bob Dylan con It\u2019s All Over Now Baby Blue, Willy De Ville Con In The Heart Ofthe City). SOUL STREET, del 1995, secondo album vero e proprio, di una band sempre pi\u00f9 rodata e missato ad Austin in Texas all&#8217;Hit Shack, si affida alla produzione del chitarrista blues Paolo Bonfanti.<br \/>\nDue anni dopo esce su etichetta Fandango SEPTEMPER RAIN, prodotto dallo stesso Anelli, che ospita le chitarre di Bonfanti e di Moreno Zanghi, ex Settore Out, e include in scaletta una poesia di Allen Ginsberg messa in musica, Many Loves,e un brano, Cast Iron Radiator Blues, il cui testo \u00e8 opera di Gianrico Bezzato dei Knot Toulouse: per la rivista \u201cBuscadero\u201d si tratta del disco italiano del 1997.<br \/>\nDopo alcuni anni di pausa, in cui Anelli si dedica ad altri progetti (come i Flamingo, fondati nel 1999 insieme ad Evasio Muraro, ex Settore Out, con un repertorio in lingua italiana), nel 2000 i Groovers tornano in attivit\u00e0 pubblicando THAT\u2019S ALL FOLKS!, cui prendono parte i soli Anelli e Montanari, disco che include anche un paio di cover di Bruce Springsteen, Factory e una Stolen Car, posta in fondo alla scaletta come ghost track.<br \/>\nLa stessa dimensione raccolta caratterizza l\u2019anno dopo l\u2019Ep DO YOU REMEMBER THE WORKING CLASS? con quattro brani inediti e quattro<br \/>\nriletture tratte dagli album precedenti.<br \/>\nNel 2003 esce A HANDFUL OF SONG ABOUT OUR TIMES VOL.1, lavoro che coincide con una nuova line-up: Montanari abbandona l\u2019attivit\u00e0 live<br \/>\ncontinuando a collaborare in studio, e Muraro subentra come bassista. Nel 2003 Anelli, Muraro e Montanari con il contributo dell\u2019 ex Stormy Six Tommaso Leddi, pubblicano il Cd IO LAVORO a nome L\u2019Ernesto, allegato alla rivista di ispirazione comunista dall\u2019 omonimo nome, raccolta di brani politici tra i quali spicca Dante Di Nanni degli Stormy Six.<br \/>\nNel 2008, con il rientro in formazione di Paolo Montanari, esce il nuovo album intitolato REVOLUTION \u2013 a handful of songs about our times vol. 2.<br \/>\nIl secondo volume continua laddove il primo, con sonorit\u00e0 pescate tra le pieghe di bands come Wilco, EELS, Minus5, Velvet Underground, aveva tracciato la difficolt\u00e0 sociale del momento. Eravamo nel 2003 e non \u00e8 che le cose siano migliorate. I testi raccontano, infatti, del disagio che si vive in questi tempi, dello smarrimento e della rabbia che si cova dentro. La benzina per le parole attraversa le idee di Woody Guthrie fino ad arrivare a Billy Bragg.<br \/>\nLe nuove canzoni hanno un piglio indie-rock, dove la rabbia diventa energia: sono come un viaggio attraverso le sonorit\u00e0 utilizzate dai GROOVERS in quasi vent\u2019anni di attivit\u00e0 che, oltre alle band gi\u00e0 citate, sconfinano nei territori di BRMC e Hoodoo Gurus. Un mix di parole e musica che danno continuit\u00e0 al lavoro svolto finora e che mantengono il sound blue-collar, seppur contaminato da deviazione indie, ancora vivo.<\/p>\n<p>Formazione<\/p>\n<p>Michele Anelli &#8220;Mick&#8221; \/ voce, chitarra elettrica ed acustica (dal 1989)<br \/>\nPaolo Montanari &#8220;DOM&#8221; \/ hammond, tastiere, fisarmonica (dal 1991)<br \/>\nEvasio Muraro &#8220;Eva&#8221; \/ basso, chitarra acustica (dal 2001)<br \/>\nMassimiliano Ferraro &#8220;Max&#8221; \/ batteria (dal 2002)<br \/>\nAlessandro Doglioli &#8220;Ale&#8221; \/ chitarra elettrica ed acustica (dal 1992 fino al 2004)<br \/>\nAlberto Pedretti &#8220;Conan&#8221; \/ basso (dal 1993 fino al 1995)<br \/>\nDaniele Negro &#8220;Dany&#8221; \/ batteria (dal 1994 fino al 1996)<br \/>\nDamiano Valloggia \/ batteria (dal 1996 fino al 1998)<\/p>\n<p><a href=\"http:\/\/www.thegroovers.net\" target=\"_blank\" rel=\"noopener\"><\/a><\/p>\n<p><\/p>\n<p>Discografia<\/p>\n<p><strong>My land \/ 1991 \/ Urlo Magazine \/ 7&#8243; Song for the dreamers \/ 1993 \/ Fandango rec. \/ CD Lost ballads \/ 1994 \/ Fandango rec. \/ cassetta<br \/>\nSoul street \/ 1995 \/ Fandango rec.\/IRD \/ CD<\/strong><\/p>\n<p><strong>AA.VV \/ Instabile e Lubricante \/ Wolvernight rec \/ 1996 \/ CD compilation<\/strong><br \/>\n<strong>September rain \/ 1997 \/ Fandango rec.\/Il Levante \/ CD<\/strong> (disco italiano dell&#8217;anno 1997 per il mensile Buscadero)<br \/>\n<strong>That&#8217;s all folks!! \/ 2000 \/ Fandango rec. \/ CD<br \/>\nDo you remember the working class? \/ 2001 \/ Fandango rec.\/Wolvernight \/ CD<br \/>\nA handful of songs about our times Vol. 1 \/ 2003 \/ Cement mixer music \/ CD<br \/>\nRevolution &#8211; A handful of songs about our times Vol. 2 \/ 2008 \/ Fandango rec. \/ CD<\/strong><br \/>\n<img data-recalc-dims=\"1\" decoding=\"async\" src=\"https:\/\/i0.wp.com\/www.percheno.org\/jo\/media\/PN\/immagini\/artisti\/TheGroovers\/TheGroovers_3.jpg?w=1140\" alt=\"\" align=\"right\" border=\"0\" \/><\/p>\n<h2>Concerti<\/h2>\n<p>415 concerti fatti tra il 1989 e il 2009<\/p>\n<h2>Recensioni<\/h2>\n<p><strong>Mucchio selvaggio . 174\/175 luglio 1992 di Marco Denti<\/strong> Come tanti, torppi, sono perfettamente sconosciuti. Bands per cui il rock&#8217;n&#8217;roll brilla un solo momento, quando riescono a prendere per mano un sogno e farlo diventare realt\u00e0, seppure nell&#8217;effimero tempo di un concerto e nel ristretto spazio di una birreria. E&#8217; un istante ubriacati dall&#8217;indispensabile filosofia di Fandango hanno baratato i bootlegs di Springsteen per qualche chitarra e una scarburatissima Ford Taunus con cui girare osterie, bettole e qualunque altro buco reisca a sopportare musica dal vivo. Ci provano tutte le notti e suonano per quattro soldi ma il risultato ha ben altro valore:l&#8217;esistenza del rock \u00e8 legata anche a queste vicende e poco importa se a cantare \u00e8 uno che si chiama Michele Anelli invece di Steve Earle, perch\u00e8 quel che chiediamo \u00e8 solo divertirci con delle buone canzoni. E la scaletta non delude: la fantasia nostrana ha generato un piccolo breviario di scarna poesia rockista con New Wild road, Land Of Fire, Junkie&#8217;s Promise e con Hardway. Figli dei figli i Groovers non fanno orecchie da mercante e fanno capire dove vanno a prendere la benzina: Bad Moon rising, Jumpin&#8217; Jack Flash e una versione di Knockin&#8217;On Heaven&#8217;s Door che i Guns&#8217;n Roses non riescono nemmeno ad immaginare sono il tramite per riscaldare l&#8217;ambiente della bergamasca Coffee House. In The MIdnight Hour diventa la scusa per rievocare gli spiriti santi del soul e del rhythm&#8217;n&#8217;blues, Otis Redding in testa. si ripete quella magia che non misura il successo con i guadagni o le dimensioni dei palchi ma con la capacit\u00e0 di chiamare a raccolta le trib\u00f9 e rendere unico pubblico e musicisti. Cos\u00ec nessuno pensa pi\u00f9 alla birra e tutti ballano felici perch\u00e8 cinque ragazzacci hanno preferito perdere tempo ad accordare le chitarre piuttosto che gironzolare per la provincia in cerca di guai. I Groovers salutano sciorinando una brillante My Hometown. Il giorno dopo un altro posto li aspetta dalle partei del Delta (del Po, of course): altra strada, altri show.\u00a0 Chiss\u00e0 che con un po&#8217; di fortuna, la musica dei groovers non trovi un palco pi\u00f9 accogliente e la via per finire su un disco. Saremo i primi ad applaudirli,ma nel caso dovessereo perdersi per strada nessuno ne avr\u00e0 male, tantomeno loro. sognare, del resto, \u00e8 completamente gratis.<\/p>\n<p><strong>Out Of Time n. 22 giugno\/luglio 1997 di Tino Montana<\/strong> Il rock italiano \u00e8 in continua crescita, lo testimoniano le ultime uscite di molte band, da sempre sottovalutate al cospetto di gruppi coetanei d&#8217;oltreoceano. Dopo una gavetta durata un decennio &#8220;on the road&#8221; con due validi dischi alle spalle i Groovers tentano il grande balzo alla conquista di una vasta popolarit\u00e0 con &#8220;September rain&#8221;. Guidati dal cantante\/chitarrista Michele Anelli e dal tastierista Paolo Montanar, i Groovers ostinati nel proseguire la strada degli esordi, ovvero quella di suonare un rock &#8220;stradaiolo&#8221; cantato in americano, arrivano al difficile esame di maturit\u00e0 e si ha la netta impressione che questo sia il miglior lavoro, quello in cui le canzoni hanno una variet\u00e0 maggiore e il sound meno legato ai capiscuola americani. September Rain scopre subito le carte: i Groovers vanno a prendersi le canzoni dalla strada alla maniera dei Del Fuegos di &#8220;Boston Mass.&#8221;. L&#8217;inizio \u00e8 affidato a something Burnin&#8217;, ma sin dai primi brani appare chiaro che pur continuando ad appellarsi al &#8220;blu-collar rock&#8221;, il alvoro di personalizzazione comincia a portare il suono fuori dagli schemi tra i quali rischiava di rimanere intrappolato. Di conseguenza le canzoni di Anelli e compari guadagnano in lucidit\u00e0 e spessore come in Many Loves (adattamento di una poesia di Allen Ginsberg), nelle ballads Homebound Road e Shoes of a Fool. In Not Enough To Kill gli stacchi della fisarmonica valorizzano un piccolo gioeiello.<\/p>\n<p><img data-recalc-dims=\"1\" decoding=\"async\" src=\"https:\/\/i0.wp.com\/www.percheno.org\/jo\/media\/PN\/immagini\/artisti\/TheGroovers\/TheGroovers_4.jpg?w=1140\" alt=\"\" align=\"right\" border=\"0\" \/><\/p>\n<p><strong>Liberazione gioved\u00ec 21 dicembre 2000 di Gianni Lucini<\/strong> I Groovers firmano il nostro cd dell&#8217;anno!! Dedicato, nelle note di copertina, ai &#8220;morti sul lavoro e alle loro famiglie&#8221;. Il quarto album dei Groovers festeggia il decennale della band. Ambizioso e curato come i precedenti il disco, che si avvale dell&#8217;apporto di Evasio Muraro, l&#8217;ex-chitarrista dei Settore Out, ha ottenuto consensi importanti dalle riviste specializzate. Se regalasse per la seconda volta ai Groovers, dopo September rain nel 19957, il titolo di disco dell&#8217;anno noi l&#8217;avevamo detto.<\/p>\n<p><strong>Mucchio Selvaggio N. 400\/2000 a cura di Federico Guglielmi<\/strong> GROOVERS That\u2019s All Folks!! (Fandango rec.) 1989-1999 ten years of rock\u2019n\u2019roll, recita una scritta sul retro del booklet di questo ennesimo frutto dell\u2019amore di Michele Anelli &#8211; autore, arrangiatore, cantante, chitarrista, armonicista e produtore: in una sola parola, anima dei Groovers, esperienza da lui sempre condivisa con il tastierista Paolo Montanari &#8211; per la migliore musica Americana che mantiene rapporti di affettuosa dipendenza nei confronti delle radici ma che da esse non vuole farsi stringere in una morsa troppo soffocante. In \u201cThat\u2019s All Folks!!\u201d quarto capitolo di una bella storia di autarchia produttiva avviata nel 1993 con \u201cSongs for the dreamers\u201d e proseguita con \u201cSoul street\u201d (1995) e \u201cSeptember rain\u201d (1997), non c\u2019\u00e8 per\u00f2 tanto rock\u2019n\u2019roll, almeno nel senso convenzionale del termine : le undici tracce, tra le quail c\u2019\u00e8 anche una intense cover di \u201cFactory\u201d di Bruce Springsteen, alle soluzioni pi\u00f2 accese e trascinanti prediligono I toni morbidi e malinconici della balata elettroacustica, impreziosita da pennellate strumentali e canore sempre all\u2019insegna del buon gusto. La tradizione ha ovviamente un peso fondamentale, ma l\u2019utilizzo di trovate un po\u2019 insolite nel genere &#8211; si prendano ad esempio pezzi come \u201cI\u2019m so sound\u201d e \u201cHoldin\u2019 on\u201d &#8211; dicono di una volont\u00e0 innovative che andrebbe forse ancor pi\u00f9 assecondata. Un bell\u2019album, in ogni caso, \u201csentito\u201d e ricco di passione, dtilisticamente collocabile &#8211; esempi nulla pi\u00f9 che indicativi &#8211; a sinistra di Mark Lanegan e a destra dei Grandaddy,<\/p>\n<p><strong>Wolvernight luglio 2001 di Massimiliano STOTO<\/strong> L&#8217;urgenza di fissare un nuovo punto d&#8217;arrivo, ma anche la voglia di tornare a suonare come una vera rock &#8216;n&#8217; roll band , sono le ragioni che a poco pi\u00f9 di un anno dall&#8217;uscita di &#8220;That&#8217;s all folks !!&#8221; spingono Michele Anelli al ritorno in un studio di registrazione. Il progetto \u00e8 un mini cd, e con lui c&#8217;\u00e8 la band che ha dato vita al tour seguente al disco del 2000, perci\u00f2 Paolo Montanari alle tastiere, Evasio Muraro al basso, Antonio Guida alla batteria. Si riparte da qui, in quattro , dalla formazione dei Groovers pi\u00f9 risicata. &#8220;Do you remember the working class ?&#8221; \u00e8 un distillato di storia della band, che riparte da quattro pezzi inediti e sorvola il passato con la rilettura di un pezzo per ciascuno dei quattro dischi del gruppo.\u00a0 &#8220;That&#8217;s all folks !!&#8221; e i concerti che ne sono seguiti ricostituiscono una band che non era pi\u00f9 tale (volutamente del resto) dalla fine del tour di &#8220;September rain&#8221;. Questo mini riparte da pi\u00f9 parti, dal concetto del lavoro (il disco dell&#8217;anno scorso era dedicato a tutti coloro che hanno perso la vita sul lavoro) richiamato nel titolo e molto pi\u00f9 marcatamente nei testi. Dalle soluzioni musicali inevitabilmente condizionate dall&#8217;esperienza di una nuova band e dalle sonorit\u00e0 di un disco stilisticamente innovativo come il precedente. Dalla rilettura, consentitemelo, a questo punto necessaria, di una storia lunga pi\u00f9 di un decennio e infine dalla &#8220;voglia fisica&#8221; di tornare a fare un disco elettrico. Il risultato svela le gemme che questa nuova Primavera dei Groovers \u00e8 pronta a regalarci. Canzoni fresche e rotonde con &#8220;Ballad&#8221; che raggiunge il pathos della canzone perfetta, che parlano rabbiosamente di lavoro, di promesse non mantenute, di miraggi futili. Che trasmettono per\u00f2 speranza attraverso frasi come &#8220;Da qualche parte in qualche modo tu sarai libero&#8221; il concetto del testo di &#8220;Ballad&#8221;, oppure &#8220;Io sono pi\u00f9 di questo lavoro&#8221; in &#8220;More than this job&#8221; o ancora &#8220;Combatti contro la voglia di lasciare perdere tutto&#8221; tra le parole di &#8220;Darkness in El Dorado&#8221;. Le riletture dei vecchi brani sono il tiro spostato verso l&#8217;alto, una sfida pericolosa ma necessaria a ricollocare un passato che non va dimenticato, soprattutto oggi Perch\u00e9 non \u00e8 un caso se &#8220;Sad town&#8221; che inizia con la frase &#8220;Mio padre \u00e8 senza lavoro e parla dei vecchi tempi\u2026..&#8221; \u00e8 riletta per questo disco, come non lo \u00e8 nemmeno &#8220;Where my daddy is ?&#8221; che si apre con &#8220;Mia madre lavora gi\u00f9 all&#8217;angolo\u2026\u2026&#8221; oppure come &#8220;Something burnin&#8217; che ha il testo pi\u00f9 violento e senza speranza che Anelli abbia mai scritto nella sua carriera. E questa parola &#8220;LAVORO&#8221; che torna ossessivamente, che \u00e8 tema centrale, ma anche ferita e vuoto (politico e culturale), diventa per Anelli il punto di collegamento fra la sua idea di rock, la sua cultura e le sue passioni. Questo punto \u00e8 oggi uno snodo cruciale da dove passa la musica di una delle poche realt\u00e0 italiane che sappia ancora dare un senso al connubio tra rock e impegno sociale.<\/p>","protected":false},"excerpt":{"rendered":"<p>https:\/\/web.archive.org\/web\/20220403133826\/http:\/\/thegroovers.net\/index.htm Biografia &#8211; Discografia &#8211; Concerti I Groovers si formano in provincia di Novara nel 1989, su iniziativa del chitarrista e cantante Michele Anelli, e diventano ben presto un punto di riferimento imprescindibile per gli amanti del roots-rock americano in Italia, con riferimenti che vanno da Bruce Springsteen a Neil Young, passando per John Mellencamp [&hellip;]<\/p>\n","protected":false},"author":2,"featured_media":0,"parent":0,"menu_order":0,"comment_status":"open","ping_status":"open","template":"","meta":{"ngg_post_thumbnail":0,"footnotes":""},"class_list":["post-45","page","type-page","status-publish","czr-hentry"],"jetpack_sharing_enabled":true,"_links":{"self":[{"href":"https:\/\/micheleanelli.org\/index.php?rest_route=\/wp\/v2\/pages\/45","targetHints":{"allow":["GET"]}}],"collection":[{"href":"https:\/\/micheleanelli.org\/index.php?rest_route=\/wp\/v2\/pages"}],"about":[{"href":"https:\/\/micheleanelli.org\/index.php?rest_route=\/wp\/v2\/types\/page"}],"author":[{"embeddable":true,"href":"https:\/\/micheleanelli.org\/index.php?rest_route=\/wp\/v2\/users\/2"}],"replies":[{"embeddable":true,"href":"https:\/\/micheleanelli.org\/index.php?rest_route=%2Fwp%2Fv2%2Fcomments&post=45"}],"version-history":[{"count":10,"href":"https:\/\/micheleanelli.org\/index.php?rest_route=\/wp\/v2\/pages\/45\/revisions"}],"predecessor-version":[{"id":30114,"href":"https:\/\/micheleanelli.org\/index.php?rest_route=\/wp\/v2\/pages\/45\/revisions\/30114"}],"wp:attachment":[{"href":"https:\/\/micheleanelli.org\/index.php?rest_route=%2Fwp%2Fv2%2Fmedia&parent=45"}],"curies":[{"name":"wp","href":"https:\/\/api.w.org\/{rel}","templated":true}]}}