{"id":408,"date":"2016-01-02T09:31:31","date_gmt":"2016-01-02T09:31:31","guid":{"rendered":"http:\/\/micheleanelli.org\/?page_id=408"},"modified":"2016-01-02T10:47:49","modified_gmt":"2016-01-02T10:47:49","slug":"giorni-usati","status":"publish","type":"page","link":"https:\/\/micheleanelli.org\/?page_id=408","title":{"rendered":"Giorni usati"},"content":{"rendered":"<p style=\"text-align: justify;\">\u201cGiorni Usati\u201d, in uscita il 15 gennaio 2016 per Adesiva Discografica, pu\u00f2 essere considerato come una svolta decisiva nell\u2019approccio di Michele Anelli con la musica italiana: se nel precedente disco del 2014 non si erano ancora spenti gli echi che rimandavano alla lunga carriera come frontman, autore e cantante dei Groovers, ora abbiamo in mano qualcosa di diverso, che racconta una nuova visione. In questo senso, l\u2019incontro con il tastierista Andrea Lentullo ha fornito il terreno fertile sul quale coltivare le idee di Anelli, mentre la fisicit\u00e0 ritmica \u00e8 opera dell\u2019intenso groove del contrabbassista Matteo Priori, coadiuvato da tre differenti batteristi che si sono alternati nei dieci brani: Stefano Bertolotti, Nik Taccori e Sergio Quagliarella. E\u2019 proprio la scelta ritmica del disco a fornire la base dello stile degli arrangiamenti, che in alcuni casi sono stati impreziositi da violini, violoncelli, trombe e infine corni. Durante l\u2019ascolto si percepisce che i brani stanno raccontando qualcosa, rendendo partecipe l\u2019ascoltatore delle storie che i testi rappresentano. Si apre con uno dei due singoli, \u201cLavoro senza emozioni\u201d, per terminare con il brano che d\u00e0 il titolo al disco, \u201cGiorni usati\u201d, senza sentire la necessit\u00e0 di correre avanti ma attraverso un percorso che conduce l\u2019ascoltatore di brano in brano. A met\u00e0 disco, l\u2019entrata in scena di un coro gospel che canta in italiano trasporta verso territori inusuali; canzoni come \u201cAdele e le rose\u201d o \u201cTu sei me\u201d fanno tanto pensare quanto saltare, cosi come \u201cCento strade\u201d e il suo riff incisivo. I temi del lavoro e del cambiamento sociale sono affrontati nella tensiva \u201cGiulia\u201d e nella vibrante \u201cLeader\u201d. Nell\u2019insieme, immagini sgranate e idee raffinate, arricchite dalla presenza in cabina di regia di Paolo Iafelice (gi\u00e0 al lavoro con Fabrizio De Andr\u00e8, Vinicio Capossela e molti altri), disegnano un equilibrio musicale quanto mai denso pur nella brevit\u00e0 della durata totale, che non supera quella dei vecchi e caldi vinili.<\/p>\n<h6><\/h6>\n","protected":false},"excerpt":{"rendered":"<p>\u201cGiorni Usati\u201d, in uscita il 15 gennaio 2016 per Adesiva Discografica, pu\u00f2 essere considerato come una svolta decisiva nell\u2019approccio di Michele Anelli con la musica italiana: se nel precedente disco del 2014 non si erano ancora spenti gli echi che rimandavano alla lunga carriera come frontman, autore e cantante dei Groovers, ora abbiamo in mano [&hellip;]<\/p>\n","protected":false},"author":2,"featured_media":0,"parent":0,"menu_order":0,"comment_status":"closed","ping_status":"closed","template":"","meta":{"ngg_post_thumbnail":0,"footnotes":""},"class_list":["post-408","page","type-page","status-publish","czr-hentry"],"jetpack_sharing_enabled":true,"_links":{"self":[{"href":"https:\/\/micheleanelli.org\/index.php?rest_route=\/wp\/v2\/pages\/408","targetHints":{"allow":["GET"]}}],"collection":[{"href":"https:\/\/micheleanelli.org\/index.php?rest_route=\/wp\/v2\/pages"}],"about":[{"href":"https:\/\/micheleanelli.org\/index.php?rest_route=\/wp\/v2\/types\/page"}],"author":[{"embeddable":true,"href":"https:\/\/micheleanelli.org\/index.php?rest_route=\/wp\/v2\/users\/2"}],"replies":[{"embeddable":true,"href":"https:\/\/micheleanelli.org\/index.php?rest_route=%2Fwp%2Fv2%2Fcomments&post=408"}],"version-history":[{"count":6,"href":"https:\/\/micheleanelli.org\/index.php?rest_route=\/wp\/v2\/pages\/408\/revisions"}],"predecessor-version":[{"id":439,"href":"https:\/\/micheleanelli.org\/index.php?rest_route=\/wp\/v2\/pages\/408\/revisions\/439"}],"wp:attachment":[{"href":"https:\/\/micheleanelli.org\/index.php?rest_route=%2Fwp%2Fv2%2Fmedia&parent=408"}],"curies":[{"name":"wp","href":"https:\/\/api.w.org\/{rel}","templated":true}]}}