{"id":29629,"date":"2020-11-19T14:19:10","date_gmt":"2020-11-19T14:19:10","guid":{"rendered":"http:\/\/micheleanelli.org\/?page_id=29629"},"modified":"2021-04-29T12:27:11","modified_gmt":"2021-04-29T12:27:11","slug":"29629-2","status":"publish","type":"page","link":"https:\/\/micheleanelli.org\/?page_id=29629","title":{"rendered":"Crowdfunding PdB &#8211; terminato"},"content":{"rendered":"\n<p><a href=\"http:\/\/sostieni.link\/25821\">http:\/\/sostieni.link\/25821<\/a><\/p>\n\n\n\n<h3 class=\"wp-block-heading\">Il Progetto<\/h3>\n\n\n\n<p class=\"has-text-align-center\"><strong><em>\u201cA un certo punto ho capito che se stampi solo cento copie di un disco,<\/em><\/strong><\/p>\n\n\n\n<p class=\"has-text-align-center\"><strong><em>allora finisce che quel disco arriva alle cento persone nel mondo che lo desiderano di pi\u00f9.\u201d<\/em><\/strong><\/p>\n\n\n\n<p class=\"has-text-align-center\"><strong><em>Alex Chilton<\/em><\/strong><\/p>\n\n\n\n<p>Tutto quello che ho \u00e8 un pezzo di carta con le mie parole, musicalmente accompagnate da una passione che non smette di tenere il tempo delle mie emozioni. Appunti che, giorno dopo giorno, partono verso nuove destinazioni, che siano canzoni o racconti o semplici parole tra amici. Uno spalatore di nuvole che si spaventa quando trova il terreno arido, e che si precipita con le mani a raccogliere gocce di pioggia da spargere a terra.<\/p>\n\n\n\n<p>Dietro, e dentro, a questo mio primo crowdfunding c\u2019\u00e8 un lungo cammino iniziato nell\u2019aprile del 1987, con in mano un basso elettrico, sulle note di Coldturkey di John Lennon. Quaranta giorni dopo, il primo giugno, ero sul palco a suonare garage-punk con gli Stolen Cars. Un paio di anni pi\u00f9 tardi, e per vent\u2019anni, ho esternato i miei pensieri, basandomi su sonorit\u00e0 e tematiche legate al blue-collar rock, con la band The Groovers. Sul finire del decennio precedente, terminate le scorribande con le bands, ho iniziato un percorso nuovo, cantando in italiano e rimanendo fedele ai gusti musicali che mi hanno formato e reso quello che sono.<\/p>\n\n\n\n[embedyt] https:\/\/www.youtube.com\/watch?v=3uToB55iIsY[\/embedyt]\n\n\n\n<p>Trentatr\u00e9 anni ininterrotti di musica (e parole).<\/p>\n\n\n\n<p>La scelta di chiedervi una mano \u00e8 stata a lungo (molto a lungo) meditata. E alcuni di voi, a proposito di questa scelta, sono stati determinanti e importanti per arrivare a farla. Fin dagli esordi con i Groovers la parola \u201clavoro\u201d, e le tematiche sociali, sono state centrali in tutti gli album che ho pubblicato e comprendo molto bene la difficolt\u00e0 economica che affligge molti di noi in un periodo per nulla facile come quello che stiamo vivendo.<\/p>\n\n\n\n<p>Credo nel potere della musica, e nella forza che essa genera nei momenti pi\u00f9 scuri, credo alla mia folle idea di pubblicare contemporaneamente e insieme, nello stesso packaging, un Lp in vinile, un 45 giri e un cd.<\/p>\n\n\n\n<p>La cosiddetta &#8220;musica liquida&#8221; (termine orribile)&nbsp;nasconde il lavoro e l&#8217;impegno delle persone coinvolte nell&#8217;opera che andr\u00f2 a pubblicare. Persone a cui tengo molto e con cui ho condiviso un universo di emozioni&nbsp;cantate in musica.<\/p>\n\n\n\n<p>Per questo motivo ho deciso di mettere a disposizione per l&#8217;acquisto esclusivamente&nbsp;le copie fisiche dell&#8217;album, affinch\u00e9, potendo toccarle e tenerle fra le mani, l&#8217;umanit\u00e0 che contengono acquisisca una dimensione reale e concreta. Le tracce in mp3 ci saranno, ma non da sole, non slegate dal corpo fisico che d\u00e0 loro ragione di esistere.&nbsp;Una scelta probabilmente impopolare, economicamente parlando, ma che, diversamente, non&nbsp;sarebbe stata in linea con tutto il lavoro fatto (e da fare), e non avrebbe reso merito a tutti coloro che con me l\u2019hanno condiviso.<\/p>\n\n\n\n<p>Voglio che anche queste persone abbiano visibilit\u00e0 per la professionalit\u00e0 che hanno e per l\u2019emozione di cui sono parte.<\/p>\n\n\n\n<p>Tutto quello che \u00e8 stato registrato contiene il distillato delle mie passioni che mi auguro possano diventare anche vostre.<\/p>\n\n\n\n<p>Grazie per l\u2019attenzione.<\/p>\n\n\n\n<p><em>Stay hard, stay angry, stay alive and stay free!<\/em><\/p>\n\n\n\n<p>Mick<\/p>\n\n\n\n<p>***<\/p>\n\n\n\n<p><strong>45 giri: side A &#8211; Ballata arida \/ side B &#8211; Escluso il cielo&nbsp;<\/strong><strong>(tiratura limitata)<\/strong><\/p>\n\n\n\n<p>Il 45 giri nasce&nbsp;durante un viaggio con Federica negli States. Trent\u2019anni di matrimonio andavano festeggiati con la colonna sonora che quotidianamente accompagna le nostre giornate. Il penultimo giorno avevamo appuntamento al FAME di Muscle Shoals, in Alabama. Potrei spendere fiumi di parole sull\u2019importanza di quello studio. Famoso per i nomi che l\u00ec hanno composto e registrato canzoni indimenticabili e per il suono che nelle sale di ripresa \u00e8 davvero qualcosa di incredibile. L\u00ec, grazie al lavoro di registrazione di John Gifford III, allievo e successore dell\u2019opera di Rick Hall, ho apprezzato l\u2019apporto musicale e amichevole di Bob Wray al basso, gi\u00e0 con Al Green (nel premiato album gospel Precious Lord) e The Marshall Tucker Band (nell\u2019album Still Holdin&#8217; On), e Justin Holder, tra i pi\u00f9 giovani e talentuosi batteristi che gravitano intorno al FAME.<\/p>\n\n\n\n<p>Abbiamo registrato due canzoni: Ballata arida ed Escluso il cielo, rispettivamente side A e B del 45 giri.<\/p>\n\n\n\n<p>Il mix, dal sound molto colorato e potente, \u00e8 stato opera di Don Srygley, con cui John Gifford III lavora abitualmente, sempre a Muscle Shoals nel suo studio,&nbsp;Mojofilter.<\/p>\n\n\n\n<p><em>Registrato l\u20198 ottobre 2019 al FAME di Muscle Shoals, Alabama, da John Gifford III<\/em><\/p>\n\n\n\n<p>Michele Anelli: voce e chitarra acustica<br \/>Bob Wray: basso elettrico<br \/>Justin Holder: batteria e percussioni<\/p>\n\n\n\n<p><em>Registrazioni giugno 2020 effettuate presso lo Streetcore studio\u2013 Invorio (No)<\/em><\/p>\n\n\n\n<p>Andrea Lentullo: piano elettrico Wurlitzer, organo Hammond<br \/>Elia Anelli: chitarra elettrica ritmica e solista<br \/>con la partecipazione, in Ballata Arida, di Paolo Enrico Archetti Maestri (voce)<\/p>\n\n\n\n<p><em>Mix e master di Don Srygley presso Mojofilter, Muscle Shoals, Alabama \u2013 USA luglio 2020<\/em><\/p>\n\n\n\n<p>Grafica: Cristina Menotti<\/p>\n\n\n\n<p>***<\/p>\n\n\n\n<p><strong>Lp &#8211; Sotto il cielo di Memphis&nbsp;<\/strong><strong>(tiratura limitata)&nbsp;<\/strong><strong>&#8211;&nbsp;<\/strong><em>La lavorazione \u00e8 ancora in corso &#8211;<\/em><\/p>\n\n\n\n<p>L\u2019album \u201cSotto il cielo di Memphis\u201d contiene otto canzoni e nasce tra la fine del 2019 e l\u2019inizio dell\u2019autunno 2020. Un anno esatto dopo Muscle Shoals, nuovamente in studio. Una manciata di canzoni per le quali non ho voluto compromessi sul suono per rappresentare al meglio quello che sono oggi. Voglio che l\u2019espressione folk-soul (o rock soul) degli otto brani arrivi come la sento nella mia testa. Con un suono live, sporco e caldo.<\/p>\n\n\n\n<p>Avevo gi\u00e0 avuto modo di apprezzare il lavoro di Nik Taccori alla batteria dei miei precedenti album, Giorni usati e Divertente importante, e non ci \u00e8 voluto molto perch\u00e9 si organizzasse un incontro con lo stesso Nik, Cesare Nolli e Paolo Legramandi, strepitosi musicisti e professionisti impeccabili.&nbsp;Sono bastate poche parole come se parlassimo in codice: Motowon, Al Green, Kiwanuka, Durand Jones, Black Pumas, Stax e altre connessioni gergali. Da fuori ci avrebbero preso per&nbsp;pazzi. Da dentro, stavamo scaldando il motore da fan che siamo e che condividono gran parte dei gusti musicali.<\/p>\n\n\n\n<p><em>Registrazione live di 8 brani nei primi di ottobre (2020) presso il Fireplace room studio a Lurago Marinone (Co)<\/em><\/p>\n\n\n\n<p>Michele Anelli: voce e chitarra acustica<br \/>The Goosebumps bros.:<br \/>Cesare Nolli: chitarre elettriche, acustiche, percussioni e cori<br \/>Paolo Legramandi: basso elettrico e cori<br \/>Nik Taccori: batteria, percussioni e cori<\/p>\n\n\n\n<p>Ai Goosebumps bros. Si aggiungeranno alcuni&nbsp;<em>overdub&nbsp;<\/em>di Andrea Lentullo (Wurlitzer, organo, Mellotron) e Elia Anelli (chitarre elettriche)<\/p>\n\n\n\n<p>Gli aggiornamenti arriveranno man mano considerato la difficolt\u00e0 di poterci incontrare per&nbsp;concludere il tutto.<\/p>\n\n\n\n<p>Sono al vaglio un paio di soluzioni per mix e master.https:\/\/www.youtube.com\/embed\/JD1Mqh4AZYM?autohide=1&amp;controls=1&amp;showinfo=0<\/p>\n\n\n\n[embedyt] https:\/\/www.youtube.com\/watch?v=JD1Mqh4AZYM[\/embedyt]\n\n\n\n<p><strong>CD + files Mp3<\/strong><\/p>\n\n\n\n<p>Saranno pubblicati i brani del 45 giri, le canzoni dell\u2019album, una serie di brani apparsi nei cd allegati ad alcuni libri recentemente pubblicati e alcuni inediti. I musicisti dei brani aggiunti sono:<\/p>\n\n\n\n<p>Elia Anelli \u2013 chitarre elettriche, elettronica<br \/>Andrea Lentullo \u2013 Wurlitzer, organo<br \/>Andrea Cocco \u2013 batteria<\/p>\n\n\n\n<p>Quando avr\u00f2 scelto quali brani pubblicare sul cd definir\u00f2 anche la lista dei musicisti coinvolti.<br \/><img data-recalc-dims=\"1\" loading=\"lazy\" decoding=\"async\" alt=\"\" height=\"705\" src=\"https:\/\/i0.wp.com\/www.produzionidalbasso.com\/media\/ckeuploads\/mickanelli%40gmail.com\/2020\/11\/11\/1-marchio-mick.png?resize=697%2C705&#038;ssl=1\" width=\"697\"\/><\/p>\n","protected":false},"excerpt":{"rendered":"<p>http:\/\/sostieni.link\/25821 Il Progetto \u201cA un certo punto ho capito che se stampi solo cento copie di un disco, allora finisce che quel disco arriva alle cento persone nel mondo che lo desiderano di pi\u00f9.\u201d Alex Chilton Tutto quello che ho \u00e8 un pezzo di carta con le mie parole, musicalmente accompagnate da una passione che [&hellip;]<\/p>\n","protected":false},"author":2,"featured_media":0,"parent":0,"menu_order":0,"comment_status":"closed","ping_status":"closed","template":"","meta":{"ngg_post_thumbnail":0,"footnotes":""},"class_list":["post-29629","page","type-page","status-publish","czr-hentry"],"jetpack_sharing_enabled":true,"_links":{"self":[{"href":"https:\/\/micheleanelli.org\/index.php?rest_route=\/wp\/v2\/pages\/29629","targetHints":{"allow":["GET"]}}],"collection":[{"href":"https:\/\/micheleanelli.org\/index.php?rest_route=\/wp\/v2\/pages"}],"about":[{"href":"https:\/\/micheleanelli.org\/index.php?rest_route=\/wp\/v2\/types\/page"}],"author":[{"embeddable":true,"href":"https:\/\/micheleanelli.org\/index.php?rest_route=\/wp\/v2\/users\/2"}],"replies":[{"embeddable":true,"href":"https:\/\/micheleanelli.org\/index.php?rest_route=%2Fwp%2Fv2%2Fcomments&post=29629"}],"version-history":[{"count":5,"href":"https:\/\/micheleanelli.org\/index.php?rest_route=\/wp\/v2\/pages\/29629\/revisions"}],"predecessor-version":[{"id":29666,"href":"https:\/\/micheleanelli.org\/index.php?rest_route=\/wp\/v2\/pages\/29629\/revisions\/29666"}],"wp:attachment":[{"href":"https:\/\/micheleanelli.org\/index.php?rest_route=%2Fwp%2Fv2%2Fmedia&parent=29629"}],"curies":[{"name":"wp","href":"https:\/\/api.w.org\/{rel}","templated":true}]}}