{"id":213,"date":"2014-03-06T17:29:05","date_gmt":"2014-03-06T17:29:05","guid":{"rendered":"http:\/\/micheleanelli.org\/?page_id=213"},"modified":"2014-03-06T17:29:05","modified_gmt":"2014-03-06T17:29:05","slug":"presentazione","status":"publish","type":"page","link":"https:\/\/micheleanelli.org\/?page_id=213","title":{"rendered":"Presentazione"},"content":{"rendered":"<p>Dentro questo album c\u2019\u00e8 qualcosa in pi\u00f9 di una serie di canzoni. \u00c8\u2019 la storia di un incontro, quello con i Chemako, e con un intero rock\u2019n\u2019roll circus che, per quattro anni, dallo scioglimento dei Groovers, ha riempito ogni mio giorno. Una compagnia di decine e decine di persone, donne e uomini, che in questo tempo hanno fatto un bel pezzo di strada con me. Anche inconsapevolmente. Qualcuno \u00e8 ancora al mio fianco, alcuni sono scivolati fuori, via da questo mondo, e altri ancora hanno preso vie diverse. Sono tutti nel mio cuore e ognuno di loro ha lasciato una traccia nei miei pensieri. Ho scritto queste canzoni per me, per voi, per noi, e perch\u00e9 sentivo la necessit\u00e0 di mettermi e mettervi tutti dentro a questo \u201cgiro\u201d. E alla fine sono una manciata di parole anche vostre, perch\u00e9 con una frase o con un gesto o con niente mi avete spinto fin qui. Ognuno trover\u00e0 il suo senso. E se stai leggendo queste righe, vuol dire che sei un viaggiatore in partenza. Con i Chemako, questo viaggio l\u2019abbiamo immaginato da tempo. Grazie per essere con noi. Pace e amore. Ci vediamo sulla strada.<\/p>\n<p><span style=\"color: #ff0000;\">Mick<\/span><\/p>\n","protected":false},"excerpt":{"rendered":"<p>Dentro questo album c\u2019\u00e8 qualcosa in pi\u00f9 di una serie di canzoni. \u00c8\u2019 la storia di un incontro, quello con i Chemako, e con un intero rock\u2019n\u2019roll circus che, per quattro anni, dallo scioglimento dei Groovers, ha riempito ogni mio giorno. Una compagnia di decine e decine di persone, donne e uomini, che in questo [&hellip;]<\/p>\n","protected":false},"author":2,"featured_media":0,"parent":0,"menu_order":0,"comment_status":"open","ping_status":"open","template":"","meta":{"ngg_post_thumbnail":0,"footnotes":""},"class_list":["post-213","page","type-page","status-publish","czr-hentry"],"jetpack_sharing_enabled":true,"_links":{"self":[{"href":"https:\/\/micheleanelli.org\/index.php?rest_route=\/wp\/v2\/pages\/213","targetHints":{"allow":["GET"]}}],"collection":[{"href":"https:\/\/micheleanelli.org\/index.php?rest_route=\/wp\/v2\/pages"}],"about":[{"href":"https:\/\/micheleanelli.org\/index.php?rest_route=\/wp\/v2\/types\/page"}],"author":[{"embeddable":true,"href":"https:\/\/micheleanelli.org\/index.php?rest_route=\/wp\/v2\/users\/2"}],"replies":[{"embeddable":true,"href":"https:\/\/micheleanelli.org\/index.php?rest_route=%2Fwp%2Fv2%2Fcomments&post=213"}],"version-history":[{"count":1,"href":"https:\/\/micheleanelli.org\/index.php?rest_route=\/wp\/v2\/pages\/213\/revisions"}],"predecessor-version":[{"id":214,"href":"https:\/\/micheleanelli.org\/index.php?rest_route=\/wp\/v2\/pages\/213\/revisions\/214"}],"wp:attachment":[{"href":"https:\/\/micheleanelli.org\/index.php?rest_route=%2Fwp%2Fv2%2Fmedia&parent=213"}],"curies":[{"name":"wp","href":"https:\/\/api.w.org\/{rel}","templated":true}]}}